{"id":718,"date":"2018-06-15T10:08:56","date_gmt":"2018-06-15T10:08:56","guid":{"rendered":"https:\/\/themes.getmotopress.com\/alpenhouse\/?page_id=718"},"modified":"2025-06-26T17:23:51","modified_gmt":"2025-06-26T17:23:51","slug":"hotel-booking-shortcodes","status":"publish","type":"page","link":"https:\/\/graechen-chalet.com\/en\/hotel-booking-shortcodes\/","title":{"rendered":"Availability"},"content":{"rendered":"<div data-elementor-type=\"wp-page\" data-elementor-id=\"718\" class=\"elementor elementor-718\" data-elementor-post-type=\"page\">\n\t\t\t\t<div class=\"elementor-element elementor-element-b1bb26b e-flex e-con-boxed e-con e-parent\" data-id=\"b1bb26b\" data-element_type=\"container\" data-e-type=\"container\">\n\t\t\t\t\t<div class=\"e-con-inner\">\n\t\t\t\t<div class=\"elementor-element elementor-element-3db97a7 elementor-widget elementor-widget-image\" data-id=\"3db97a7\" data-element_type=\"widget\" data-e-type=\"widget\" data-widget_type=\"image.default\">\n\t\t\t\t<div class=\"elementor-widget-container\">\n\t\t\t\t\t\t\t\t\t\t\t\t\t\t\t<img fetchpriority=\"high\" decoding=\"async\" width=\"768\" height=\"182\" src=\"https:\/\/graechen-chalet.com\/wp-content\/uploads\/2025\/02\/IMG_9973-1024x243.jpeg\" class=\"attachment-large size-large wp-image-1049\" alt=\"\" srcset=\"https:\/\/graechen-chalet.com\/wp-content\/uploads\/2025\/02\/IMG_9973-1024x243.jpeg 1024w, https:\/\/graechen-chalet.com\/wp-content\/uploads\/2025\/02\/IMG_9973-300x71.jpeg 300w, https:\/\/graechen-chalet.com\/wp-content\/uploads\/2025\/02\/IMG_9973-768x182.jpeg 768w, https:\/\/graechen-chalet.com\/wp-content\/uploads\/2025\/02\/IMG_9973-1536x365.jpeg 1536w, https:\/\/graechen-chalet.com\/wp-content\/uploads\/2025\/02\/IMG_9973-2048x486.jpeg 2048w, https:\/\/graechen-chalet.com\/wp-content\/uploads\/2025\/02\/IMG_9973-405x96.jpeg 405w\" sizes=\"(max-width: 768px) 100vw, 768px\" \/>\t\t\t\t\t\t\t\t\t\t\t\t\t\t\t<\/div>\n\t\t\t\t<\/div>\n\t\t\t\t<div class=\"elementor-element elementor-element-592727e elementor-widget elementor-widget-mphbe-search-form\" data-id=\"592727e\" data-element_type=\"widget\" data-e-type=\"widget\" data-settings=\"{&quot;hide_labels&quot;:&quot;no&quot;,&quot;no_paddings&quot;:&quot;no&quot;,&quot;hide_tips&quot;:&quot;no&quot;,&quot;multiple_lines&quot;:&quot;no&quot;,&quot;stretch_btn&quot;:&quot;no&quot;}\" data-widget_type=\"mphbe-search-form.default\">\n\t\t\t\t<div class=\"elementor-widget-container\">\n\t\t\t\t\t<div class=\"mphb_sc_search-wrapper is-style-default\">\n<form method=\"GET\" class=\"mphb_sc_search-form\" action=\"https:\/\/graechen-chalet.com\/en\/search-results\/\" data-first_available_check_in_date=\"2026-04-15\" data-trp-original-action=\"https:\/\/graechen-chalet.com\/en\/search-results\/\">\n\n\t<p class = \"mphb-required-fields-tip\">\n\t<small>\n\t\tRequired fields are followed by\t\t<abbr title=\"required\">*<\/abbr>\n\t<\/small>\n<\/p>\n\n\t<p class=\"mphb_sc_search-check-in-date\">\n\t\t<label for=\"mphb_check_in_date-mphb-search-form-69dfe67a7c882\">\n\t\t\tCheck-in\t\t\t<abbr title=\"Formatted as dd\/mm\/yyyy\">*<\/abbr>\n\t\t<\/label>\n\t\t<br \/>\n\t\t<input\n\t\t\tid=\"mphb_check_in_date-mphb-search-form-69dfe67a7c882\"\n\t\t\tdata-datepick-group=\"mphb-search-form-69dfe67a7c882\"\n\t\t\tvalue=\"\"\n\t\t\tplaceholder=\"Check-in Date\"\n\t\t\trequired=\"required\"\n\t\t\ttype=\"text\"\n\t\t\tinputmode=\"none\"\n\t\t\tname=\"mphb_check_in_date\"\n\t\t\tclass=\"mphb-datepick\"\n\t\t\tautocomplete=\"off\"\n\t\t\t\/>\n\t<\/p>\n\n\t<p class=\"mphb_sc_search-check-out-date\">\n\t\t<label for=\"mphb_check_out_date-mphb-search-form-69dfe67a7c882\">\n\t\t\tCheck-out\t\t\t<abbr title=\"Formatted as dd\/mm\/yyyy\">*<\/abbr>\n\t\t<\/label>\n\t\t<br \/>\n\t\t<input\n\t\t\tid=\"mphb_check_out_date-mphb-search-form-69dfe67a7c882\"\n\t\t\tdata-datepick-group=\"mphb-search-form-69dfe67a7c882\"\n\t\t\tvalue=\"\"\n\t\t\tplaceholder=\"Check-out Date\"\n\t\t\trequired=\"required\"\n\t\t\ttype=\"text\"\n\t\t\tinputmode=\"none\"\n\t\t\tname=\"mphb_check_out_date\"\n\t\t\tclass=\"mphb-datepick\"\n\t\t\tautocomplete=\"off\"\n\t\t\t\/>\n\t<\/p>\n\n\t\t\t<p class=\"mphb_sc_search-adults\">\n\t\t\t<label for=\"mphb_adults-mphb-search-form-69dfe67a7c882\">\n\t\t\t\tGuests\t\t\t<\/label>\n\t\t\t<br \/>\n\t\t\t<select id=\"mphb_adults-mphb-search-form-69dfe67a7c882\" name=\"mphb_adults\" >\n\t\t\t\t\t\t\t\t\t<option value=\"1\"  selected='selected'>1<\/option>\n\t\t\t\t\t\t\t\t\t<option value=\"2\" >2<\/option>\n\t\t\t\t\t\t\t\t\t<option value=\"3\" >3<\/option>\n\t\t\t\t\t\t\t\t\t<option value=\"4\" >4<\/option>\n\t\t\t\t\t\t\t\t\t<option value=\"5\" >5<\/option>\n\t\t\t\t\t\t\t\t\t<option value=\"6\" >6<\/option>\n\t\t\t\t\t\t\t\t\t<option value=\"7\" >7<\/option>\n\t\t\t\t\t\t\t\t\t<option value=\"8\" >8<\/option>\n\t\t\t\t\t\t\t<\/select>\n\t\t<\/p>\n\t\n\t\t\t<input type=\"hidden\" id=\"mphb_children-mphb-search-form-69dfe67a7c882\" name=\"mphb_children\" value=\"0\" \/>\n\t\n\t\n\t\n\t<input id=\"mphb_check_in_date-mphb-search-form-69dfe67a7c882-hidden\" value=\"\" type=\"hidden\" name=\"mphb_check_in_date\" \/><input id=\"mphb_check_out_date-mphb-search-form-69dfe67a7c882-hidden\" value=\"\" type=\"hidden\" name=\"mphb_check_out_date\" \/>\n\t<p class=\"mphb_sc_search-submit-button-wrapper\">\n\t\t<input type=\"submit\" class=\"button\" value=\"Search\"\/>\n\t<\/p>\n\n\t\n<input type=\"hidden\" name=\"trp-form-language\" value=\"en\"\/><\/form>\n<\/div>\t\t\t\t<\/div>\n\t\t\t\t<\/div>\n\t\t\t\t<div class=\"elementor-element elementor-element-ea0a668 elementor-widget elementor-widget-image\" data-id=\"ea0a668\" data-element_type=\"widget\" data-e-type=\"widget\" data-widget_type=\"image.default\">\n\t\t\t\t<div class=\"elementor-widget-container\">\n\t\t\t\t\t\t\t\t\t\t\t\t\t\t\t<img decoding=\"async\" width=\"768\" height=\"317\" src=\"https:\/\/graechen-chalet.com\/wp-content\/uploads\/2025\/02\/IMG_7932-1024x423.jpeg\" class=\"attachment-large size-large wp-image-1015\" alt=\"\" srcset=\"https:\/\/graechen-chalet.com\/wp-content\/uploads\/2025\/02\/IMG_7932-1024x423.jpeg 1024w, https:\/\/graechen-chalet.com\/wp-content\/uploads\/2025\/02\/IMG_7932-300x124.jpeg 300w, https:\/\/graechen-chalet.com\/wp-content\/uploads\/2025\/02\/IMG_7932-768x317.jpeg 768w, https:\/\/graechen-chalet.com\/wp-content\/uploads\/2025\/02\/IMG_7932-1536x635.jpeg 1536w, https:\/\/graechen-chalet.com\/wp-content\/uploads\/2025\/02\/IMG_7932-2048x846.jpeg 2048w, https:\/\/graechen-chalet.com\/wp-content\/uploads\/2025\/02\/IMG_7932-405x167.jpeg 405w\" sizes=\"(max-width: 768px) 100vw, 768px\" \/>\t\t\t\t\t\t\t\t\t\t\t\t\t\t\t<\/div>\n\t\t\t\t<\/div>\n\t\t\t\t<div class=\"elementor-element elementor-element-3f36109 elementor-widget elementor-widget-text-editor\" data-id=\"3f36109\" data-element_type=\"widget\" data-e-type=\"widget\" data-widget_type=\"text-editor.default\">\n\t\t\t\t<div class=\"elementor-widget-container\">\n\t\t\t\t\t\t\t\t\t<p>All booking requests must be confirmed by the owner. Minimum stay: 2 nights.<br \/>The base rate shown in the calendar below includes 2 guests; a supplement of CHF 10\/night \napplies from the 3rd guest onward.<br \/>Cleaning fees are included in the final price: CHF 160 for the whole chalet, CHF 120 for a single \nfloor.<br \/>A local tourist tax will be charged separately: CHF 3.80 per adult\/night, CHF 1.90 per child aged \n6\u201316, free for children under 6.<\/p>\t\t\t\t\t\t\t\t<\/div>\n\t\t\t\t<\/div>\n\t\t\t\t\t<\/div>\n\t\t\t\t<\/div>\n\t\t<div class=\"elementor-element elementor-element-bfc1fc1 e-flex e-con-boxed e-con e-parent\" data-id=\"bfc1fc1\" data-element_type=\"container\" data-e-type=\"container\">\n\t\t\t\t\t<div class=\"e-con-inner\">\n\t\t\t\t<div class=\"elementor-element elementor-element-cb20d30 elementor-widget elementor-widget-heading\" data-id=\"cb20d30\" data-element_type=\"widget\" data-e-type=\"widget\" data-widget_type=\"heading.default\">\n\t\t\t\t<div class=\"elementor-widget-container\">\n\t\t\t\t\t<h2 class=\"elementor-heading-title elementor-size-default\"><a href=\"https:\/\/graechen-chalet.com\/en\/accommodation-category\/chalet-entier\/\">Chalet <\/a><\/h2>\t\t\t\t<\/div>\n\t\t\t\t<\/div>\n\t\t\t\t\t<\/div>\n\t\t\t\t<\/div>\n\t\t<div class=\"elementor-element elementor-element-aaf7dbb e-flex e-con-boxed e-con e-parent\" data-id=\"aaf7dbb\" data-element_type=\"container\" data-e-type=\"container\">\n\t\t\t\t\t<div class=\"e-con-inner\">\n\t\t\t\t<div class=\"elementor-element elementor-element-6eae181 elementor-widget elementor-widget-mphbe-availability-calendar\" data-id=\"6eae181\" data-element_type=\"widget\" data-e-type=\"widget\" data-widget_type=\"mphbe-availability-calendar.default\">\n\t\t\t\t<div class=\"elementor-widget-container\">\n\t\t\t\t\t<div class=\"mphb_sc_availability_calendar-wrapper\">\t<div class=\"mphb-calendar mphb-datepick inlinePicker mphb-calendar--direct-booking\" data-room-type-id=\"1005\" data-monthstoshow=\"2\" data-is_show_prices=\"1\" data-is_truncate_prices=\"1\" data-is_show_prices_currency=\"0\" data-first_available_check_in_date=\"2026-04-15\"><\/div>\n\t<\/div>\t\t\t\t<\/div>\n\t\t\t\t<\/div>\n\t\t\t\t\t<\/div>\n\t\t\t\t<\/div>\n\t\t<div class=\"elementor-element elementor-element-23a3924 e-flex e-con-boxed e-con e-parent\" data-id=\"23a3924\" data-element_type=\"container\" data-e-type=\"container\">\n\t\t\t\t\t<div class=\"e-con-inner\">\n\t\t\t\t<div class=\"elementor-element elementor-element-cb51869 elementor-widget elementor-widget-heading\" data-id=\"cb51869\" data-element_type=\"widget\" data-e-type=\"widget\" data-widget_type=\"heading.default\">\n\t\t\t\t<div class=\"elementor-widget-container\">\n\t\t\t\t\t<h2 class=\"elementor-heading-title elementor-size-default\"><a href=\"https:\/\/graechen-chalet.com\/en\/accommodation\/etage-superieur\/\">Upper Floor<\/a><\/h2>\t\t\t\t<\/div>\n\t\t\t\t<\/div>\n\t\t\t\t\t<\/div>\n\t\t\t\t<\/div>\n\t\t<div class=\"elementor-element elementor-element-670b531 e-flex e-con-boxed e-con e-parent\" data-id=\"670b531\" data-element_type=\"container\" data-e-type=\"container\">\n\t\t\t\t\t<div class=\"e-con-inner\">\n\t\t\t\t<div class=\"elementor-element elementor-element-3d7dd72 elementor-widget elementor-widget-mphbe-availability-calendar\" data-id=\"3d7dd72\" data-element_type=\"widget\" data-e-type=\"widget\" data-widget_type=\"mphbe-availability-calendar.default\">\n\t\t\t\t<div class=\"elementor-widget-container\">\n\t\t\t\t\t<div class=\"mphb_sc_availability_calendar-wrapper\">\t<div class=\"mphb-calendar mphb-datepick inlinePicker mphb-calendar--direct-booking\" data-room-type-id=\"1065\" data-monthstoshow=\"2\" data-is_show_prices=\"1\" data-is_truncate_prices=\"1\" data-is_show_prices_currency=\"0\" data-first_available_check_in_date=\"2026-04-15\"><\/div>\n\t<\/div>\t\t\t\t<\/div>\n\t\t\t\t<\/div>\n\t\t\t\t\t<\/div>\n\t\t\t\t<\/div>\n\t\t<div class=\"elementor-element elementor-element-167fb69 e-flex e-con-boxed e-con e-parent\" data-id=\"167fb69\" data-element_type=\"container\" data-e-type=\"container\">\n\t\t\t\t\t<div class=\"e-con-inner\">\n\t\t\t\t<div class=\"elementor-element elementor-element-0229c65 elementor-widget elementor-widget-heading\" data-id=\"0229c65\" data-element_type=\"widget\" data-e-type=\"widget\" data-widget_type=\"heading.default\">\n\t\t\t\t<div class=\"elementor-widget-container\">\n\t\t\t\t\t<h2 class=\"elementor-heading-title elementor-size-default\"><a href=\"https:\/\/graechen-chalet.com\/en\/accommodation\/bas\/\">Lower floor<\/a><\/h2>\t\t\t\t<\/div>\n\t\t\t\t<\/div>\n\t\t\t\t\t<\/div>\n\t\t\t\t<\/div>\n\t\t<div class=\"elementor-element elementor-element-c144d7a e-flex e-con-boxed e-con e-parent\" data-id=\"c144d7a\" data-element_type=\"container\" data-e-type=\"container\">\n\t\t\t\t\t<div class=\"e-con-inner\">\n\t\t\t\t<div class=\"elementor-element elementor-element-c658aa0 elementor-widget elementor-widget-mphbe-availability-calendar\" data-id=\"c658aa0\" data-element_type=\"widget\" data-e-type=\"widget\" data-widget_type=\"mphbe-availability-calendar.default\">\n\t\t\t\t<div class=\"elementor-widget-container\">\n\t\t\t\t\t<div class=\"mphb_sc_availability_calendar-wrapper\">\t<div class=\"mphb-calendar mphb-datepick inlinePicker mphb-calendar--direct-booking\" data-room-type-id=\"1061\" data-monthstoshow=\"2\" data-is_show_prices=\"1\" data-is_truncate_prices=\"1\" data-is_show_prices_currency=\"0\" data-first_available_check_in_date=\"2026-04-15\"><\/div>\n\t<\/div>\t\t\t\t<\/div>\n\t\t\t\t<\/div>\n\t\t\t\t\t<\/div>\n\t\t\t\t<\/div>\n\t\t\t\t<\/div>","protected":false},"excerpt":{"rendered":"<p>Required fields are followed by * Check-in * Check-out * Guests 123456789101112131415161718192021222324252627282930 Toutes les demandes de r\u00e9servation doivent \u00eatre confirm\u00e9es par le propri\u00e9taire. Dur\u00e9e minimale du s\u00e9jour : 2 nuits.Le tarif affich\u00e9 dans le calendrier ci-dessous correspond \u00e0 2 personnes ; suppl\u00e9ment de CHF 10\/ nuit d\u00e8s la 3\u1d49 personne.Des frais de m\u00e9nage de CHF [&hellip;]<\/p>","protected":false},"author":1,"featured_media":0,"parent":0,"menu_order":0,"comment_status":"closed","ping_status":"closed","template":"template-boxed.php","meta":{"_monsterinsights_skip_tracking":false,"_monsterinsights_sitenote_active":false,"_monsterinsights_sitenote_note":"","_monsterinsights_sitenote_category":0,"footnotes":""},"class_list":["post-718","page","type-page","status-publish","hentry"],"aioseo_notices":[],"_links":{"self":[{"href":"https:\/\/graechen-chalet.com\/en\/wp-json\/wp\/v2\/pages\/718","targetHints":{"allow":["GET"]}}],"collection":[{"href":"https:\/\/graechen-chalet.com\/en\/wp-json\/wp\/v2\/pages"}],"about":[{"href":"https:\/\/graechen-chalet.com\/en\/wp-json\/wp\/v2\/types\/page"}],"author":[{"embeddable":true,"href":"https:\/\/graechen-chalet.com\/en\/wp-json\/wp\/v2\/users\/1"}],"replies":[{"embeddable":true,"href":"https:\/\/graechen-chalet.com\/en\/wp-json\/wp\/v2\/comments?post=718"}],"version-history":[{"count":58,"href":"https:\/\/graechen-chalet.com\/en\/wp-json\/wp\/v2\/pages\/718\/revisions"}],"predecessor-version":[{"id":1914,"href":"https:\/\/graechen-chalet.com\/en\/wp-json\/wp\/v2\/pages\/718\/revisions\/1914"}],"wp:attachment":[{"href":"https:\/\/graechen-chalet.com\/en\/wp-json\/wp\/v2\/media?parent=718"}],"curies":[{"name":"wp","href":"https:\/\/api.w.org\/{rel}","templated":true}]}}