{"id":15,"date":"2025-02-07T10:37:27","date_gmt":"2025-02-07T10:37:27","guid":{"rendered":"https:\/\/graechen-chalet.com\/confirmation-de-reservation\/reservation-annulee\/"},"modified":"2025-03-25T15:24:40","modified_gmt":"2025-03-25T15:24:40","slug":"reservation-annulee","status":"publish","type":"page","link":"https:\/\/graechen-chalet.com\/en\/confirmation-de-reservation\/reservation-annulee\/","title":{"rendered":"R\u00e9servation annul\u00e9e"},"content":{"rendered":"<p>Votre r\u00e9servation est annul\u00e9e.<\/p>","protected":false},"excerpt":{"rendered":"<p>Votre r\u00e9servation est annul\u00e9e.<\/p>","protected":false},"author":1,"featured_media":0,"parent":13,"menu_order":0,"comment_status":"closed","ping_status":"closed","template":"","meta":{"_monsterinsights_skip_tracking":false,"_monsterinsights_sitenote_active":false,"_monsterinsights_sitenote_note":"","_monsterinsights_sitenote_category":0,"footnotes":""},"class_list":["post-15","page","type-page","status-publish","hentry"],"aioseo_notices":[],"_links":{"self":[{"href":"https:\/\/graechen-chalet.com\/en\/wp-json\/wp\/v2\/pages\/15","targetHints":{"allow":["GET"]}}],"collection":[{"href":"https:\/\/graechen-chalet.com\/en\/wp-json\/wp\/v2\/pages"}],"about":[{"href":"https:\/\/graechen-chalet.com\/en\/wp-json\/wp\/v2\/types\/page"}],"author":[{"embeddable":true,"href":"https:\/\/graechen-chalet.com\/en\/wp-json\/wp\/v2\/users\/1"}],"replies":[{"embeddable":true,"href":"https:\/\/graechen-chalet.com\/en\/wp-json\/wp\/v2\/comments?post=15"}],"version-history":[{"count":1,"href":"https:\/\/graechen-chalet.com\/en\/wp-json\/wp\/v2\/pages\/15\/revisions"}],"predecessor-version":[{"id":1237,"href":"https:\/\/graechen-chalet.com\/en\/wp-json\/wp\/v2\/pages\/15\/revisions\/1237"}],"up":[{"embeddable":true,"href":"https:\/\/graechen-chalet.com\/en\/wp-json\/wp\/v2\/pages\/13"}],"wp:attachment":[{"href":"https:\/\/graechen-chalet.com\/en\/wp-json\/wp\/v2\/media?parent=15"}],"curies":[{"name":"wp","href":"https:\/\/api.w.org\/{rel}","templated":true}]}}